{"id":1704,"date":"2026-02-10T10:09:44","date_gmt":"2026-02-10T09:09:44","guid":{"rendered":"https:\/\/vinsiolisuner.eu\/?page_id=1704"},"modified":"2026-02-11T07:56:22","modified_gmt":"2026-02-11T06:56:22","slug":"botiga","status":"publish","type":"page","link":"https:\/\/vinsiolisuner.eu\/en\/botiga\/","title":{"rendered":"Shop"},"content":{"rendered":"\n[et_pb_section fb_built=&#8221;1&#8243; _builder_version=&#8221;4.27.4&#8243; _module_preset=&#8221;default&#8221; background_color=&#8221;#846F07&#8243; custom_margin=&#8221;||||false|false&#8221; custom_padding=&#8221;69px||69px||true|false&#8221; bottom_divider_style=&#8221;slant&#8221; bottom_divider_color=&#8221;#FFFFFF&#8221; global_colors_info=&#8221;{}&#8221;][et_pb_row _builder_version=&#8221;4.27.4&#8243; _module_preset=&#8221;default&#8221; custom_margin=&#8221;|auto|42px|auto||&#8221; custom_padding=&#8221;||27px|||&#8221; global_colors_info=&#8221;{}&#8221;][et_pb_column type=&#8221;4_4&#8243; _builder_version=&#8221;4.27.4&#8243; _module_preset=&#8221;default&#8221; global_colors_info=&#8221;{}&#8221;][et_pb_heading title=&#8221;@ET-DC@eyJkeW5hbWljIjp0cnVlLCJjb250ZW50Ijoic2l0ZV90aXRsZSIsInNldHRpbmdzIjp7ImJlZm9yZSI6IiIsImFmdGVyIjoiIn19@&#8221; _builder_version=&#8221;4.27.4&#8243; _dynamic_attributes=&#8221;title&#8221; _module_preset=&#8221;default&#8221; title_font=&#8221;Old Standard Italic|500|||||||&#8221; title_text_align=&#8221;center&#8221; title_text_color=&#8221;#FFFFFF&#8221; title_font_size=&#8221;26px&#8221; title_letter_spacing=&#8221;0.5px&#8221; custom_margin=&#8221;||4px|||&#8221; global_colors_info=&#8221;{}&#8221;][\/et_pb_heading][et_pb_heading title=&#8221;@ET-DC@eyJkeW5hbWljIjp0cnVlLCJjb250ZW50IjoicG9zdF90aXRsZSIsInNldHRpbmdzIjp7ImJlZm9yZSI6IiIsImFmdGVyIjoiIn19@&#8221; _builder_version=&#8221;4.27.4&#8243; _dynamic_attributes=&#8221;title&#8221; _module_preset=&#8221;default&#8221; title_font=&#8221;&#8211;et_global_heading_font|600|||||||&#8221; title_text_align=&#8221;center&#8221; title_text_color=&#8221;#FFFFFF&#8221; title_font_size=&#8221;50px&#8221; custom_margin=&#8221;||12px||false|false&#8221; custom_padding=&#8221;||||false|false&#8221; custom_padding_tablet=&#8221;|69px|||false|false&#8221; custom_padding_phone=&#8221;|25px|||false|false&#8221; custom_padding_last_edited=&#8221;on|tablet&#8221; global_colors_info=&#8221;{}&#8221;][\/et_pb_heading][\/et_pb_column][\/et_pb_row][\/et_pb_section][et_pb_section fb_built=&#8221;1&#8243; _builder_version=&#8221;4.27.5&#8243; _module_preset=&#8221;default&#8221; global_colors_info=&#8221;{}&#8221;][et_pb_row _builder_version=&#8221;4.27.5&#8243; _module_preset=&#8221;default&#8221; width=&#8221;100%&#8221; max_width=&#8221;1200px&#8221; global_colors_info=&#8221;{}&#8221;][et_pb_column type=&#8221;4_4&#8243; _builder_version=&#8221;4.27.5&#8243; _module_preset=&#8221;default&#8221; global_colors_info=&#8221;{}&#8221;][et_pb_shop columns_number=&#8221;4&#8243; sale_badge_color=&#8221;#846F07&#8243; _builder_version=&#8221;4.27.5&#8243; _module_preset=&#8221;default&#8221; sale_badge_custom_padding=&#8221;2px|14px|2px|14px|true|true&#8221; title_font=&#8221;&#8211;et_global_heading_font|||on|||||&#8221; title_text_color=&#8221;#000000&#8243; title_font_size=&#8221;18px&#8221; price_font=&#8221;&#8211;et_global_body_font|500|||||||&#8221; price_text_color=&#8221;#846F07&#8243; price_font_size=&#8221;16px&#8221; price_line_height=&#8221;18px&#8221; sale_badge_font=&#8221;&#8211;et_global_body_font|||on|||||&#8221; sale_badge_text_color=&#8221;#FFFFFF&#8221; sale_badge_font_size=&#8221;16px&#8221; custom_padding=&#8221;||||false|false&#8221; hover_enabled=&#8221;0&#8243; border_radii_sale_badge=&#8221;on|20px|20px|20px|20px&#8221; global_colors_info=&#8221;{}&#8221; icon_hover_color=&#8221;#846F07&#8243; hover_overlay_color=&#8221;rgba(255,255,255,0.77)&#8221; posts_number=&#8221;60&#8243; sticky_enabled=&#8221;0&#8243;][\/et_pb_shop][\/et_pb_column][\/et_pb_row][\/et_pb_section]\n","protected":false},"excerpt":{"rendered":"","protected":false},"author":2,"featured_media":0,"parent":0,"menu_order":0,"comment_status":"closed","ping_status":"closed","template":"","meta":{"_et_pb_use_builder":"on","_et_pb_old_content":"<!-- wp:divi\/placeholder \/-->","_et_gb_content_width":"","footnotes":""},"class_list":["post-1704","page","type-page","status-publish","hentry"],"yoast_head":"<!-- This site is optimized with the Yoast SEO plugin v27.2 - https:\/\/yoast.com\/product\/yoast-seo-wordpress\/ -->\n<title>Botiga - Vins i olis Su\u00f1er<\/title>\n<meta name=\"description\" content=\"P\u00e0gina de la botiga on hi ha diferents productes de Vins i Olis Su\u00f1er.\" \/>\n<meta name=\"robots\" content=\"index, follow, max-snippet:-1, max-image-preview:large, max-video-preview:-1\" \/>\n<link rel=\"canonical\" href=\"https:\/\/vinsiolisuner.eu\/en\/botiga\/\" \/>\n<meta property=\"og:locale\" content=\"en_US\" \/>\n<meta property=\"og:type\" content=\"article\" \/>\n<meta property=\"og:title\" content=\"Botiga - Vins i olis Su\u00f1er\" \/>\n<meta property=\"og:description\" content=\"P\u00e0gina de la botiga on hi ha diferents productes de Vins i Olis Su\u00f1er.\" \/>\n<meta property=\"og:url\" content=\"https:\/\/vinsiolisuner.eu\/en\/botiga\/\" \/>\n<meta property=\"og:site_name\" content=\"Vins i olis Su\u00f1er\" \/>\n<meta property=\"article:modified_time\" content=\"2026-02-11T06:56:22+00:00\" \/>\n<meta name=\"twitter:card\" content=\"summary_large_image\" \/>\n<meta name=\"twitter:label1\" content=\"Est. reading time\" \/>\n\t<meta name=\"twitter:data1\" content=\"11 minutes\" \/>\n<script type=\"application\/ld+json\" class=\"yoast-schema-graph\">{\"@context\":\"https:\/\/schema.org\",\"@graph\":[{\"@type\":\"WebPage\",\"@id\":\"https:\/\/vinsiolisuner.eu\/botiga\/\",\"url\":\"https:\/\/vinsiolisuner.eu\/botiga\/\",\"name\":\"Botiga - Vins i olis Su\u00f1er\",\"isPartOf\":{\"@id\":\"https:\/\/vinsiolisuner.eu\/#website\"},\"datePublished\":\"2026-02-10T09:09:44+00:00\",\"dateModified\":\"2026-02-11T06:56:22+00:00\",\"description\":\"P\u00e0gina de la botiga on hi ha diferents productes de Vins i Olis Su\u00f1er.\",\"breadcrumb\":{\"@id\":\"https:\/\/vinsiolisuner.eu\/botiga\/#breadcrumb\"},\"inLanguage\":\"en-US\",\"potentialAction\":[{\"@type\":\"ReadAction\",\"target\":[\"https:\/\/vinsiolisuner.eu\/botiga\/\"]}]},{\"@type\":\"BreadcrumbList\",\"@id\":\"https:\/\/vinsiolisuner.eu\/botiga\/#breadcrumb\",\"itemListElement\":[{\"@type\":\"ListItem\",\"position\":1,\"name\":\"Inici\",\"item\":\"https:\/\/vinsiolisuner.eu\/\"},{\"@type\":\"ListItem\",\"position\":2,\"name\":\"Botiga\"}]},{\"@type\":\"WebSite\",\"@id\":\"https:\/\/vinsiolisuner.eu\/#website\",\"url\":\"https:\/\/vinsiolisuner.eu\/\",\"name\":\"Vins i olis Su\u00f1er\",\"description\":\"Vins amb denominaci\u00f3 DO Tarragona i olis Arbequina\",\"potentialAction\":[{\"@type\":\"SearchAction\",\"target\":{\"@type\":\"EntryPoint\",\"urlTemplate\":\"https:\/\/vinsiolisuner.eu\/?s={search_term_string}\"},\"query-input\":{\"@type\":\"PropertyValueSpecification\",\"valueRequired\":true,\"valueName\":\"search_term_string\"}}],\"inLanguage\":\"en-US\"}]}<\/script>\n<!-- \/ Yoast SEO plugin. -->","yoast_head_json":{"title":"Botiga - Vins i olis Su\u00f1er","description":"P\u00e0gina de la botiga on hi ha diferents productes de Vins i Olis Su\u00f1er.","robots":{"index":"index","follow":"follow","max-snippet":"max-snippet:-1","max-image-preview":"max-image-preview:large","max-video-preview":"max-video-preview:-1"},"canonical":"https:\/\/vinsiolisuner.eu\/en\/botiga\/","og_locale":"en_US","og_type":"article","og_title":"Botiga - Vins i olis Su\u00f1er","og_description":"P\u00e0gina de la botiga on hi ha diferents productes de Vins i Olis Su\u00f1er.","og_url":"https:\/\/vinsiolisuner.eu\/en\/botiga\/","og_site_name":"Vins i olis Su\u00f1er","article_modified_time":"2026-02-11T06:56:22+00:00","twitter_card":"summary_large_image","twitter_misc":{"Est. reading time":"11 minutes"},"schema":{"@context":"https:\/\/schema.org","@graph":[{"@type":"WebPage","@id":"https:\/\/vinsiolisuner.eu\/botiga\/","url":"https:\/\/vinsiolisuner.eu\/botiga\/","name":"Botiga - Vins i olis Su\u00f1er","isPartOf":{"@id":"https:\/\/vinsiolisuner.eu\/#website"},"datePublished":"2026-02-10T09:09:44+00:00","dateModified":"2026-02-11T06:56:22+00:00","description":"P\u00e0gina de la botiga on hi ha diferents productes de Vins i Olis Su\u00f1er.","breadcrumb":{"@id":"https:\/\/vinsiolisuner.eu\/botiga\/#breadcrumb"},"inLanguage":"en-US","potentialAction":[{"@type":"ReadAction","target":["https:\/\/vinsiolisuner.eu\/botiga\/"]}]},{"@type":"BreadcrumbList","@id":"https:\/\/vinsiolisuner.eu\/botiga\/#breadcrumb","itemListElement":[{"@type":"ListItem","position":1,"name":"Inici","item":"https:\/\/vinsiolisuner.eu\/"},{"@type":"ListItem","position":2,"name":"Botiga"}]},{"@type":"WebSite","@id":"https:\/\/vinsiolisuner.eu\/#website","url":"https:\/\/vinsiolisuner.eu\/","name":"Su\u00f1er wines and oils","description":"Vins amb denominaci\u00f3 DO Tarragona i olis Arbequina","potentialAction":[{"@type":"SearchAction","target":{"@type":"EntryPoint","urlTemplate":"https:\/\/vinsiolisuner.eu\/?s={search_term_string}"},"query-input":{"@type":"PropertyValueSpecification","valueRequired":true,"valueName":"search_term_string"}}],"inLanguage":"en-US"}]}},"_links":{"self":[{"href":"https:\/\/vinsiolisuner.eu\/en\/wp-json\/wp\/v2\/pages\/1704","targetHints":{"allow":["GET"]}}],"collection":[{"href":"https:\/\/vinsiolisuner.eu\/en\/wp-json\/wp\/v2\/pages"}],"about":[{"href":"https:\/\/vinsiolisuner.eu\/en\/wp-json\/wp\/v2\/types\/page"}],"author":[{"embeddable":true,"href":"https:\/\/vinsiolisuner.eu\/en\/wp-json\/wp\/v2\/users\/2"}],"replies":[{"embeddable":true,"href":"https:\/\/vinsiolisuner.eu\/en\/wp-json\/wp\/v2\/comments?post=1704"}],"version-history":[{"count":6,"href":"https:\/\/vinsiolisuner.eu\/en\/wp-json\/wp\/v2\/pages\/1704\/revisions"}],"predecessor-version":[{"id":1800,"href":"https:\/\/vinsiolisuner.eu\/en\/wp-json\/wp\/v2\/pages\/1704\/revisions\/1800"}],"wp:attachment":[{"href":"https:\/\/vinsiolisuner.eu\/en\/wp-json\/wp\/v2\/media?parent=1704"}],"curies":[{"name":"wp","href":"https:\/\/api.w.org\/{rel}","templated":true}]}}