{"id":315,"date":"2025-06-09T12:19:45","date_gmt":"2025-06-09T10:19:45","guid":{"rendered":"https:\/\/optim.studio\/suner\/?page_id=315"},"modified":"2025-10-01T13:07:51","modified_gmt":"2025-10-01T11:07:51","slug":"politica-de-cookies","status":"publish","type":"page","link":"https:\/\/vinsiolisuner.eu\/en\/politica-de-cookies\/","title":{"rendered":"Cookie Policy"},"content":{"rendered":"<p>[et_pb_section fb_built=&#8221;1&#8243; _builder_version=&#8221;4.27.4&#8243; _module_preset=&#8221;default&#8221; background_color=&#8221;#846F07&#8243; custom_margin=&#8221;||||false|false&#8221; custom_padding=&#8221;69px||69px||true|false&#8221; bottom_divider_style=&#8221;slant&#8221; bottom_divider_color=&#8221;#FFFFFF&#8221; hover_enabled=&#8221;0&#8243; global_colors_info=&#8221;{}&#8221; bottom_divider_height_last_edited=&#8221;on|tablet&#8221; bottom_divider_height_tablet=&#8221;40px&#8221; sticky_enabled=&#8221;0&#8243; custom_padding_last_edited=&#8221;on|tablet&#8221; custom_padding_tablet=&#8221;46px||46px||true|false&#8221; bottom_divider_height_phone=&#8221;40px&#8221; custom_padding_phone=&#8221;46px||46px||true|false&#8221;][et_pb_row _builder_version=&#8221;4.27.4&#8243; _module_preset=&#8221;default&#8221; custom_margin=&#8221;|auto|4px|auto||&#8221; custom_padding=&#8221;||27px|||&#8221; global_colors_info=&#8221;{}&#8221;][et_pb_column type=&#8221;4_4&#8243; _builder_version=&#8221;4.27.4&#8243; _module_preset=&#8221;default&#8221; global_colors_info=&#8221;{}&#8221;][et_pb_heading title=&#8221;@ET-DC@eyJkeW5hbWljIjp0cnVlLCJjb250ZW50Ijoic2l0ZV90aXRsZSIsInNldHRpbmdzIjp7ImJlZm9yZSI6IiIsImFmdGVyIjoiIn19@&#8221; _builder_version=&#8221;4.27.4&#8243; _dynamic_attributes=&#8221;title&#8221; _module_preset=&#8221;default&#8221; title_font=&#8221;Libre Franklin|500|||||||&#8221; title_text_align=&#8221;center&#8221; title_text_color=&#8221;#FFFFFF&#8221; title_font_size=&#8221;19px&#8221; title_letter_spacing=&#8221;0.5px&#8221; custom_margin=&#8221;||4px|||&#8221; hover_enabled=&#8221;0&#8243; global_colors_info=&#8221;{}&#8221; sticky_enabled=&#8221;0&#8243;][\/et_pb_heading][et_pb_heading title=&#8221;@ET-DC@eyJkeW5hbWljIjp0cnVlLCJjb250ZW50IjoicG9zdF90aXRsZSIsInNldHRpbmdzIjp7ImJlZm9yZSI6IiIsImFmdGVyIjoiIn19@&#8221; _builder_version=&#8221;4.27.4&#8243; _dynamic_attributes=&#8221;title&#8221; _module_preset=&#8221;default&#8221; title_font=&#8221;&#8211;et_global_heading_font|600|||||||&#8221; title_text_align=&#8221;center&#8221; title_text_color=&#8221;#FFFFFF&#8221; title_font_size=&#8221;50px&#8221; custom_margin=&#8221;||12px||false|false&#8221; custom_padding=&#8221;||||false|false&#8221; custom_padding_tablet=&#8221;|0px|||false|false&#8221; custom_padding_phone=&#8221;|25px|||false|false&#8221; custom_padding_last_edited=&#8221;on|tablet&#8221; hover_enabled=&#8221;0&#8243; global_colors_info=&#8221;{}&#8221; title_font_size_last_edited=&#8221;on|tablet&#8221; title_font_size_tablet=&#8221;45px&#8221; sticky_enabled=&#8221;0&#8243; title_font_size_phone=&#8221;45px&#8221;][\/et_pb_heading][\/et_pb_column][\/et_pb_row][\/et_pb_section][et_pb_section fb_built=&#8221;1&#8243; admin_label=&#8221;section&#8221; _builder_version=&#8221;4.16&#8243; custom_padding=&#8221;4px|||||&#8221; global_colors_info=&#8221;{}&#8221;][et_pb_row admin_label=&#8221;row&#8221; _builder_version=&#8221;4.16&#8243; background_size=&#8221;initial&#8221; background_position=&#8221;top_left&#8221; background_repeat=&#8221;repeat&#8221; global_colors_info=&#8221;{}&#8221;][et_pb_column type=&#8221;4_4&#8243; _builder_version=&#8221;4.16&#8243; custom_padding=&#8221;|||&#8221; global_colors_info=&#8221;{}&#8221; custom_padding__hover=&#8221;|||&#8221;][et_pb_text admin_label=&#8221;Text&#8221; _builder_version=&#8221;4.27.4&#8243; text_font=&#8221;&#8211;et_global_body_font||||||||&#8221; text_text_color=&#8221;#000000&#8243; text_font_size=&#8221;17px&#8221; link_text_color=&#8221;#685700&#8243; background_size=&#8221;initial&#8221; background_position=&#8221;top_left&#8221; background_repeat=&#8221;repeat&#8221; global_colors_info=&#8221;{}&#8221;]<\/p>\n<p>Aquest lloc web utilitza cookies pr\u00f2pies i de tercers per a oferir-li una millor experi\u00e8ncia i servei. En navegar o utilitzar els nostres serveis l\u2019usuari accepta l\u2019\u00fas que fem de les cookies. No obstant aix\u00f2, l\u2019usuari t\u00e9 l\u2019opci\u00f3 d\u2019impedir la generaci\u00f3 de cookies i l\u2019eliminaci\u00f3 de les mateixes mitjan\u00e7ant la selecci\u00f3 de la corresponent.<\/p>\n<p><strong>Qu\u00e8 \u00e9s una cookie?<\/strong><\/p>\n<p>Una cookie \u00e9s un petit fragment de text que els llocs web envien al navegador i que s\u2019emmagatzemen en el terminal de l\u2019usuari, el qual pot ser un ordinador personal, un tel\u00e8fon m\u00f2bil, tauleta, etc. Aquests arxius permeten que el lloc web recordi informaci\u00f3 sobre la seva visita, com l\u2019idioma i les opcions preferides, la qual cosa pot facilitar la seva pr\u00f2xima visita i fer que el lloc resulti m\u00e9s \u00fatil en personalitzar el seu contingut. Les cookies exerceixen un paper molt important, en millorar l\u2019experi\u00e8ncia d\u2019\u00fas de la Web.<\/p>\n<p><strong>Tipus de cookies <\/strong><\/p>\n<p>Segons l\u2019entitat que les gestioni, les cookies poden ser:<\/p>\n<ul>\n<li><strong>Cookies pr\u00f2pies:<\/strong> S\u00f3n aquelles que s\u2019envien a l\u2019equip terminal de l\u2019interessat des d\u2019un equip o domini gestionat pel propi editor i des del qual es presta el servei sol\u00b7licitat per l\u2019usuari.<\/li>\n<li><strong>Cookies de tercers: <\/strong>S\u00f3n aquelles que s\u2019envien a l\u2019equip terminal de l\u2019usuari des d\u2019un equip o domini que no \u00e9s gestionat per l\u2019editor, sin\u00f3 per una altra entitat que tracta les dades obtingudes trav\u00e9s de les cookies.<\/li>\n<\/ul>\n<p>Segons el termini de temps que romanen activades:<\/p>\n<ul>\n<li><strong>Cookies de sessi\u00f3<\/strong>: S\u00f3n un tipus de cookies dissenyades per a recaptar i emmagatzemar dades mentre l\u2019usuari accedeix a una p\u00e0gina web. Se solen emprar per a emmagatzemar informaci\u00f3 que nom\u00e9s interessa conservar per a la prestaci\u00f3 del servei sol\u00b7licitat per l\u2019usuari en una sola ocasi\u00f3.<\/li>\n<li><strong>Cookies persistents:<\/strong> S\u00f3n un tipus de cookies en el qual les dades segueixen emmagatzemats en el terminal i poden ser accedits i tractats durant un per\u00edode definit pel responsable de la cookie, i que pot anar d\u2019uns minuts a diversos anys.<\/li>\n<\/ul>\n<p>Segons la finalitat per a la qual es tractin les dades obtingudes a trav\u00e9s de les cookies, la web pot utilitzar:<\/p>\n<p><strong><em>Cookies t\u00e8cniques<\/em><\/strong> \u2013 S\u00f3n aquelles que permeten a l\u2019usuari la navegaci\u00f3 a trav\u00e9s de la p\u00e0gina web o aplicaci\u00f3 i la utilitzaci\u00f3 de les diferents opcions o serveis que en ella existeixen. Per exemple, controlar el tr\u00e0nsit i la comunicaci\u00f3 de dades, identificar la sessi\u00f3, accedir a les parts web d\u2019acc\u00e9s restringit, recordar els elements que integren una comanda, realitzar la sol\u00b7licitud d\u2019inscripci\u00f3 o participaci\u00f3 en un esdeveniment, utilitzar elements de seguretat durant la navegaci\u00f3 i emmagatzemar continguts per a la difusi\u00f3 de v\u00eddeos o so.<\/p>\n<p><strong><em>Cookies de personalitzaci\u00f3 <\/em><\/strong>\u2013 S\u00f3n aquelles que permeten a l\u2019usuari accedir al servei amb algunes caracter\u00edstiques de car\u00e0cter general predefinides en la seva terminal o que el propi usuari defineixi. Per exemple, l\u2019idioma, el tipus de navegador a trav\u00e9s del qual accedeix al servei, el disseny de continguts seleccionat, geolocalitzaci\u00f3 del terminal i la configuraci\u00f3 regional des d\u2019on s\u2019accedeix al servei.<\/p>\n<p><strong><em>Cookies publicit\u00e0ries <\/em><\/strong>\u2013 S\u00f3n aquelles que permeten la gesti\u00f3 efica\u00e7 dels espais publicitaris que s\u2019han incl\u00f2s en la p\u00e0gina web o aplicaci\u00f3 des de la qual es presta el servei. Permeten adequar el contingut de la publicitat perqu\u00e8 aquesta sigui rellevant per a l\u2019usuari i per a evitar mostrar anuncis que l\u2019usuari ja hagi vist.<\/p>\n<p><strong><em>Cookies d\u2019an\u00e0lisi estad\u00edstica<\/em><\/strong> \u2013 S\u00f3n aquelles que permeten realitzar el seguiment i an\u00e0lisi del comportament dels usuaris en els llocs web. La informaci\u00f3 recollida mitjan\u00e7ant aquesta mena de cookies s\u2019utilitza en el mesurament de l\u2019activitat dels llocs web, aplicaci\u00f3 o plataforma i per a l\u2019elaboraci\u00f3 de perfils de navegaci\u00f3 dels usuaris d\u2019aquests llocs, amb la finalitat d\u2019introduir millores en el servei en funci\u00f3 de les dades d\u2019\u00fas que fan els usuaris.<\/p>\n<p>Les cookies utilitzades en aquest lloc web les pot veure al <strong><em><u>panell de configuraci\u00f3<\/u><\/em><\/strong> i ajustar la seva configuraci\u00f3 en qualsevol moment.<\/p>\n<p>NOTA: Es pot afegir un enlla\u00e7 al panell de configuraci\u00f3 o completar la taula seg\u00fcent amb la descripci\u00f3 de les cookies que la web realment utilitza.<\/p>\n<p><strong>La identificaci\u00f3 de qui utilitza les cookies, el tipus de cookies utilitzades i altres detalls<\/strong>, s\u2019indica a continuaci\u00f3:<\/p>\n<table>\n<tbody>\n<tr>\n<td width=\"569\">\n<p><strong>Cookies pr\u00f2pies<\/strong><\/p>\n<p><strong>Cookies de terceres<\/strong><\/p>\n<p>\u00b7\u00a0\u00a0\u00a0\u00a0\u00a0\u00a0 <strong>Entitat que utilitza les cookies: <\/strong>Google Analytics.<\/p>\n<p>\u00b7\u00a0\u00a0\u00a0\u00a0\u00a0\u00a0 <strong>Prop\u00f2sit: <\/strong>Recollir informaci\u00f3 sobre la navegaci\u00f3 dels usuaris pel lloc amb la finalitat de con\u00e8ixer l\u2019origen de les visites i altres dades.<\/p>\n<p>\u00b7\u00a0\u00a0\u00a0\u00a0\u00a0\u00a0 <strong>M\u00e9s informaci\u00f3: <\/strong>Google Analytics, Centre de privacitat de Google.<\/p>\n<\/td>\n<\/tr>\n<\/tbody>\n<\/table>\n<p>Nota: Les cookies de tipus \u201cPr\u00f2pies\u201d s\u00f3n utilitzades nom\u00e9s pel propietari d\u2019aquesta web i les cookies \u201cDe tercers\u201d s\u00f3n utilitzades, tamb\u00e9, pel prestador del servei que est\u00e0 detallat la taula anterior.<\/p>\n<p>Pot informar-se de les transfer\u00e8ncies a tercers pa\u00efsos que, si escau, realitzen els tercers identificats en aquesta pol\u00edtica de cookies en els seus corresponents pol\u00edtiques (veure els enlla\u00e7os facilitats en l\u2019apartat \u201cM\u00e9s informaci\u00f3\u201d de la taula anterior).<\/p>\n<p><strong>Com administrar cookies en el navegador?<\/strong><\/p>\n<p>L\u2019usuari t\u00e9 l\u2019opci\u00f3 de permetre, bloquejar o eliminar les cookies instal\u00b7lades en el seu equip mitjan\u00e7ant la configuraci\u00f3 de les opcions del navegador instal\u00b7lat en la seva terminal:<\/p>\n<ul>\n<li><strong>Firefox<\/strong>:<\/li>\n<\/ul>\n<p><span><a href=\"about:blank?trp-edit-translation=preview\">http:\/\/support.mozilla.org\/es\/kb\/habilitar-y-deshabilitar-cookies-que-los-sitios-we<\/a><\/span><\/p>\n<ul>\n<li><strong>Chrome<\/strong>:<\/li>\n<\/ul>\n<p><span><a href=\"about:blank?trp-edit-translation=preview\">http:\/\/support.google.com\/chrome\/bin\/answer.py?hl=es&amp;answer=95647<\/a><\/span><\/p>\n<ul>\n<li><strong>Internet Explorer<\/strong>:<\/li>\n<\/ul>\n<p><span><a href=\"about:blank?trp-edit-translation=preview\">https:\/\/support.microsoft.com\/es-es\/help\/278835\/how-to-delete-cookie-files-in-internet-explorer<\/a><\/span><\/p>\n<ul>\n<li><strong>Microsoft Edge:<\/strong><\/li>\n<\/ul>\n<p><span><a href=\"about:blank?trp-edit-translation=preview\">https:\/\/support.microsoft.com\/es-es\/help\/4468242\/microsoft-edge-browsing-data-and-privacy-microsoft-privacy<\/a><\/span><\/p>\n<ul>\n<li><strong>Safari<\/strong>:<\/li>\n<\/ul>\n<p><span><a href=\"about:blank?trp-edit-translation=preview\">http:\/\/support.apple.com\/kb\/ph5042<\/a><\/span><\/p>\n<ul>\n<li><strong>Opera<\/strong>:<\/li>\n<\/ul>\n<p><span><a href=\"about:blank?trp-edit-translation=preview\">http:\/\/help.opera.com\/Windows\/11.50\/es-ES\/cookies.html<\/a><\/span><\/p>\n<p>En cas de bloquejar l\u2019\u00fas de cookies en el seu navegador \u00e9s possible que alguns serveis o funcionalitats de la p\u00e0gina web no estiguin disponibles.<\/p>\n<p>En alguns navegadors es poden configurar regles espec\u00edfiques per a administrar cookies per lloc web, la qual cosa ofereix un control m\u00e9s prec\u00eds sobre la privacitat. Aix\u00f2 significa que es pot inhabilitar cookies de tots els llocs excepte d\u2019aquells en els quals es confi\u00ef.<\/p>\n<p><strong>Actualitzat:<\/strong> 09\/6\/2025 12:17<\/p>\n<p><strong>Qu\u00e8 s\u00f3n les galetes?<\/strong><\/p>\n<p>Les galetes (cookies) i tecnologies similars s\u00f3n documents de text molt petits o fragments de codi que sovint contenen un codi d&#8217;identificaci\u00f3 \u00fanic. Quan visiteu un lloc web o useu una aplicaci\u00f3 m\u00f2bil, un ordinador demana perm\u00eds al vostre ordinador o dispositiu m\u00f2bil per guardar aquest arxiu a l&#8217;ordinador o dispositiu m\u00f2bil i accedir a la informaci\u00f3. La informaci\u00f3 recopilada a trav\u00e9s de galetes i tecnologies similars pot incloure la data i l&#8217;hora de la visita i la forma en qu\u00e8 useu un lloc web o una aplicaci\u00f3 m\u00f2bil en particular.<\/p>\n<p><strong>Per a qu\u00e8 emprem galetes?<\/strong><\/p>\n<p>Les galetes asseguren que durant la vostra visita a la nostra botiga en l\u00ednia vost\u00e8 estigui connectat, que tots els articles romanguin emmagatzemats a la cistella de compres, que pugueu comprar de manera segura i que el lloc web segueixi funcionant sense problemes. Les galetes tamb\u00e9 asseguren que puguem veure com s&#8217;usa el nostre lloc web i com podem millorar-lo. A m\u00e9s, depenent de les vostres prefer\u00e8ncies, les nostres galetes poden ser usades per a presentar-vos anuncis espec\u00edfics que coincideixin amb els vostres interessos personals.<\/p>\n<p><strong>Quin tipus de galetes usem?<\/strong><\/p>\n<p><strong>Galetes necess\u00e0ries<\/strong><\/p>\n<p>Aquestes galetes s\u00f3n necess\u00e0ries perqu\u00e8 el lloc web funcioni correctament. Algunes de les seg\u00fcents accions es poden realitzar gr\u00e0cies a aquestes galetes:<\/p>\n<p>&#8211; Emmagatzemar articles en un carret de compra per a compres en l\u00ednea<\/p>\n<p>-Desar les prefer\u00e8ncies de galetes per a aquest lloc web<\/p>\n<p>-Desar prefer\u00e8ncies d&#8217;idioma<\/p>\n<p>&#8211; Iniciar una sessi\u00f3 al nostre portal. Hem de comprovar si heu iniciat sessi\u00f3.<\/p>\n<p><strong>Com puc desactivar o eliminar les galetes?<\/strong><\/p>\n<p>Podeu optar per no usar totes les galetes, excepte les necess\u00e0ries. A la configuraci\u00f3 del navegador, podeu canviar la configuraci\u00f3 per tal d&#8217;assegurar-vos que es bloquin les galetes. La majoria dels navegadors us ofereixen una explicaci\u00f3 sobre com fer-ho a l&#8217;anomenat &#8220;men\u00fa d&#8217;ajuda&#8221;. No obstant aix\u00f2, si bloqueu les galetes, \u00e9s possible que no pugueu gaudir de totes les caracter\u00edstiques t\u00e8cniques que el nostre lloc web t\u00e9 per oferir-vos i pot afectar negativament a la vostra experi\u00e8ncia d&#8217;usuari.<\/p>\n<p>Hem facilitat la gesti\u00f3 del vostre consentiment.<\/p>\n<p>Si voleu veure la vostra auditoria de consentiments, poseu-vos en contacte amb l&#8217;administrador del lloc web.<\/p>\n<p>El vostre darrer canvi de consentiment s&#8217;ha registrat el: <strong>09\/6\/2025 12:20<\/strong><\/p>\n<p><strong>Les galetes que emprem al nostre lloc web<\/strong><\/p>\n<p><strong>Actualitzat:<\/strong> 09\/6\/2025 12:21<\/p>\n<p><strong>Necess\u00e0ria<\/strong><\/p>\n<p><strong>Nom:<\/strong> cookiefirst-consent<\/p>\n<ul>\n<li><strong>Prop\u00f2sit:<\/strong> Aquesta galeta guarda les vostres prefer\u00e8ncies de galetes per a aquest lloc web. Podeu canviar-les o retirar el consentiment f\u00e0cilment.<\/li>\n<li><strong>Nom del domini: <\/strong><a href=\"https:\/\/vinsiolisuner.com\/\">https:\/\/vinsiolisuner.com\/<\/a><\/li>\n<li><strong>Caducitat:<\/strong> un any<\/li>\n<li><strong>Prove\u00efdor: <\/strong><span><a href=\"https:\/\/cookiefirst.com\/legal\/data-processing-agreement\/?trp-edit-translation=preview\">Cookie First<\/a><\/span><\/li>\n<li><strong>Type: <\/strong>Cookie<\/li>\n<\/ul>\n<p><strong>Nom:<\/strong> cookiefirst-consent<\/p>\n<ul>\n<li><strong>Prop\u00f2sit:<\/strong> Aquesta galeta guarda les vostres prefer\u00e8ncies de galetes per a aquest lloc web. Podeu canviar-les o retirar el consentiment f\u00e0cilment.<\/li>\n<li><strong>Nom del domini: <\/strong><a href=\"https:\/\/vinsiolisuner.com\/\">https:\/\/vinsiolisuner.com\/<\/a><\/li>\n<li><strong>Caducitat:<\/strong> persistent<\/li>\n<li><strong>Prove\u00efdor: <\/strong><span><a href=\"https:\/\/cookiefirst.com\/legal\/data-processing-agreement\/?trp-edit-translation=preview\">Cookie First<\/a><\/span><\/li>\n<li><strong>Type: <\/strong>Local storage<\/li>\n<\/ul>\n<p><strong>Nom:<\/strong> cookiefirst-id<\/p>\n<ul>\n<li><strong>Prop\u00f2sit:<\/strong> Aquesta galeta cont\u00e9 el vostre identificador \u00fanic perqu\u00e8 CookieFirst pugui identificar els visitants \u00fanics d&#8217;aquest lloc web.<\/li>\n<li><strong>Nom del domini: <\/strong><a href=\"https:\/\/vinsiolisuner.com\/\">https:\/\/vinsiolisuner.com\/<\/a><\/li>\n<li><strong>Caducitat:<\/strong> persistent<\/li>\n<li><strong>Prove\u00efdor: <\/strong><span><a href=\"https:\/\/cookiefirst.com\/legal\/data-processing-agreement\/?trp-edit-translation=preview\">Cookie First<\/a><\/span><\/li>\n<li><strong>Type: <\/strong>Local storage<\/li>\n<\/ul>\n<p><!-- \/divi:freeform --><\/p>\n<p>[\/et_pb_text][\/et_pb_column][\/et_pb_row][\/et_pb_section]<\/p>\n","protected":false},"excerpt":{"rendered":"<p>Aquest lloc web utilitza cookies pr\u00f2pies i de tercers per a oferir-li una millor experi\u00e8ncia i servei. En navegar o utilitzar els nostres serveis l\u2019usuari accepta l\u2019\u00fas que fem de les cookies. No obstant aix\u00f2, l\u2019usuari t\u00e9 l\u2019opci\u00f3 d\u2019impedir la generaci\u00f3 de cookies i l\u2019eliminaci\u00f3 de les mateixes mitjan\u00e7ant la selecci\u00f3 de la corresponent. Qu\u00e8 \u00e9s una cookie? Una cookie \u00e9s un petit fragment de text que els llocs web envien al navegador i que s\u2019emmagatzemen en el terminal de l\u2019usuari, el qual pot ser un ordinador personal, un tel\u00e8fon m\u00f2bil, tauleta, etc. Aquests arxius permeten que el lloc web recordi informaci\u00f3 sobre la seva visita, com l\u2019idioma i les opcions preferides, la qual cosa pot facilitar la seva pr\u00f2xima visita i fer que el lloc resulti m\u00e9s \u00fatil en personalitzar el seu contingut. Les cookies exerceixen un paper molt important, en millorar l\u2019experi\u00e8ncia d\u2019\u00fas de la Web. Tipus de cookies Segons l\u2019entitat que les gestioni, les cookies poden ser: Cookies pr\u00f2pies: S\u00f3n aquelles que s\u2019envien a l\u2019equip terminal de l\u2019interessat des d\u2019un equip o domini gestionat pel propi editor i des del qual es presta el servei sol\u00b7licitat per l\u2019usuari. Cookies de tercers: S\u00f3n aquelles que s\u2019envien a l\u2019equip [&hellip;]<\/p>\n","protected":false},"author":2,"featured_media":0,"parent":0,"menu_order":0,"comment_status":"closed","ping_status":"closed","template":"","meta":{"_et_pb_use_builder":"on","_et_pb_old_content":"","_et_gb_content_width":"1080","footnotes":""},"class_list":["post-315","page","type-page","status-publish","hentry"],"yoast_head":"<!-- This site is optimized with the Yoast SEO plugin v27.2 - https:\/\/yoast.com\/product\/yoast-seo-wordpress\/ -->\n<title>Pol\u00edtica de Cookies - Vins i olis Su\u00f1er<\/title>\n<meta name=\"description\" content=\"Aquest lloc web utilitza cookies pr\u00f2pies i de tercers per a oferir-li una millor experi\u00e8ncia i servei. En navegar o utilitzar els nostres...\" \/>\n<meta name=\"robots\" content=\"index, follow, max-snippet:-1, max-image-preview:large, max-video-preview:-1\" \/>\n<link rel=\"canonical\" href=\"https:\/\/vinsiolisuner.eu\/en\/politica-de-cookies\/\" \/>\n<meta property=\"og:locale\" content=\"en_US\" \/>\n<meta property=\"og:type\" content=\"article\" \/>\n<meta property=\"og:title\" content=\"Pol\u00edtica de Cookies - Vins i olis Su\u00f1er\" \/>\n<meta property=\"og:description\" content=\"Aquest lloc web utilitza cookies pr\u00f2pies i de tercers per a oferir-li una millor experi\u00e8ncia i servei. En navegar o utilitzar els nostres...\" \/>\n<meta property=\"og:url\" content=\"https:\/\/vinsiolisuner.eu\/en\/politica-de-cookies\/\" \/>\n<meta property=\"og:site_name\" content=\"Vins i olis Su\u00f1er\" \/>\n<meta property=\"article:modified_time\" content=\"2025-10-01T11:07:51+00:00\" \/>\n<meta name=\"twitter:card\" content=\"summary_large_image\" \/>\n<meta name=\"twitter:label1\" content=\"Est. reading time\" \/>\n\t<meta name=\"twitter:data1\" content=\"8 minutes\" \/>\n<script type=\"application\/ld+json\" class=\"yoast-schema-graph\">{\"@context\":\"https:\/\/schema.org\",\"@graph\":[{\"@type\":\"WebPage\",\"@id\":\"https:\/\/vinsiolisuner.eu\/politica-de-cookies\/\",\"url\":\"https:\/\/vinsiolisuner.eu\/politica-de-cookies\/\",\"name\":\"Pol\u00edtica de Cookies - Vins i olis Su\u00f1er\",\"isPartOf\":{\"@id\":\"https:\/\/vinsiolisuner.eu\/#website\"},\"datePublished\":\"2025-06-09T10:19:45+00:00\",\"dateModified\":\"2025-10-01T11:07:51+00:00\",\"description\":\"Aquest lloc web utilitza cookies pr\u00f2pies i de tercers per a oferir-li una millor experi\u00e8ncia i servei. En navegar o utilitzar els nostres...\",\"breadcrumb\":{\"@id\":\"https:\/\/vinsiolisuner.eu\/politica-de-cookies\/#breadcrumb\"},\"inLanguage\":\"en-US\",\"potentialAction\":[{\"@type\":\"ReadAction\",\"target\":[\"https:\/\/vinsiolisuner.eu\/politica-de-cookies\/\"]}]},{\"@type\":\"BreadcrumbList\",\"@id\":\"https:\/\/vinsiolisuner.eu\/politica-de-cookies\/#breadcrumb\",\"itemListElement\":[{\"@type\":\"ListItem\",\"position\":1,\"name\":\"Inici\",\"item\":\"https:\/\/vinsiolisuner.eu\/\"},{\"@type\":\"ListItem\",\"position\":2,\"name\":\"Pol\u00edtica de Cookies\"}]},{\"@type\":\"WebSite\",\"@id\":\"https:\/\/vinsiolisuner.eu\/#website\",\"url\":\"https:\/\/vinsiolisuner.eu\/\",\"name\":\"Vins i olis Su\u00f1er\",\"description\":\"Vins amb denominaci\u00f3 DO Tarragona i olis Arbequina\",\"potentialAction\":[{\"@type\":\"SearchAction\",\"target\":{\"@type\":\"EntryPoint\",\"urlTemplate\":\"https:\/\/vinsiolisuner.eu\/?s={search_term_string}\"},\"query-input\":{\"@type\":\"PropertyValueSpecification\",\"valueRequired\":true,\"valueName\":\"search_term_string\"}}],\"inLanguage\":\"en-US\"}]}<\/script>\n<!-- \/ Yoast SEO plugin. -->","yoast_head_json":{"title":"Pol\u00edtica de Cookies - Vins i olis Su\u00f1er","description":"Aquest lloc web utilitza cookies pr\u00f2pies i de tercers per a oferir-li una millor experi\u00e8ncia i servei. En navegar o utilitzar els nostres...","robots":{"index":"index","follow":"follow","max-snippet":"max-snippet:-1","max-image-preview":"max-image-preview:large","max-video-preview":"max-video-preview:-1"},"canonical":"https:\/\/vinsiolisuner.eu\/en\/politica-de-cookies\/","og_locale":"en_US","og_type":"article","og_title":"Pol\u00edtica de Cookies - Vins i olis Su\u00f1er","og_description":"Aquest lloc web utilitza cookies pr\u00f2pies i de tercers per a oferir-li una millor experi\u00e8ncia i servei. En navegar o utilitzar els nostres...","og_url":"https:\/\/vinsiolisuner.eu\/en\/politica-de-cookies\/","og_site_name":"Vins i olis Su\u00f1er","article_modified_time":"2025-10-01T11:07:51+00:00","twitter_card":"summary_large_image","twitter_misc":{"Est. reading time":"8 minutes"},"schema":{"@context":"https:\/\/schema.org","@graph":[{"@type":"WebPage","@id":"https:\/\/vinsiolisuner.eu\/politica-de-cookies\/","url":"https:\/\/vinsiolisuner.eu\/politica-de-cookies\/","name":"Pol\u00edtica de Cookies - Vins i olis Su\u00f1er","isPartOf":{"@id":"https:\/\/vinsiolisuner.eu\/#website"},"datePublished":"2025-06-09T10:19:45+00:00","dateModified":"2025-10-01T11:07:51+00:00","description":"Aquest lloc web utilitza cookies pr\u00f2pies i de tercers per a oferir-li una millor experi\u00e8ncia i servei. En navegar o utilitzar els nostres...","breadcrumb":{"@id":"https:\/\/vinsiolisuner.eu\/politica-de-cookies\/#breadcrumb"},"inLanguage":"en-US","potentialAction":[{"@type":"ReadAction","target":["https:\/\/vinsiolisuner.eu\/politica-de-cookies\/"]}]},{"@type":"BreadcrumbList","@id":"https:\/\/vinsiolisuner.eu\/politica-de-cookies\/#breadcrumb","itemListElement":[{"@type":"ListItem","position":1,"name":"Inici","item":"https:\/\/vinsiolisuner.eu\/"},{"@type":"ListItem","position":2,"name":"Pol\u00edtica de Cookies"}]},{"@type":"WebSite","@id":"https:\/\/vinsiolisuner.eu\/#website","url":"https:\/\/vinsiolisuner.eu\/","name":"Su\u00f1er wines and oils","description":"Vins amb denominaci\u00f3 DO Tarragona i olis Arbequina","potentialAction":[{"@type":"SearchAction","target":{"@type":"EntryPoint","urlTemplate":"https:\/\/vinsiolisuner.eu\/?s={search_term_string}"},"query-input":{"@type":"PropertyValueSpecification","valueRequired":true,"valueName":"search_term_string"}}],"inLanguage":"en-US"}]}},"_links":{"self":[{"href":"https:\/\/vinsiolisuner.eu\/en\/wp-json\/wp\/v2\/pages\/315","targetHints":{"allow":["GET"]}}],"collection":[{"href":"https:\/\/vinsiolisuner.eu\/en\/wp-json\/wp\/v2\/pages"}],"about":[{"href":"https:\/\/vinsiolisuner.eu\/en\/wp-json\/wp\/v2\/types\/page"}],"author":[{"embeddable":true,"href":"https:\/\/vinsiolisuner.eu\/en\/wp-json\/wp\/v2\/users\/2"}],"replies":[{"embeddable":true,"href":"https:\/\/vinsiolisuner.eu\/en\/wp-json\/wp\/v2\/comments?post=315"}],"version-history":[{"count":8,"href":"https:\/\/vinsiolisuner.eu\/en\/wp-json\/wp\/v2\/pages\/315\/revisions"}],"predecessor-version":[{"id":1383,"href":"https:\/\/vinsiolisuner.eu\/en\/wp-json\/wp\/v2\/pages\/315\/revisions\/1383"}],"wp:attachment":[{"href":"https:\/\/vinsiolisuner.eu\/en\/wp-json\/wp\/v2\/media?parent=315"}],"curies":[{"name":"wp","href":"https:\/\/api.w.org\/{rel}","templated":true}]}}