{"id":294,"date":"2025-06-09T11:01:40","date_gmt":"2025-06-09T09:01:40","guid":{"rendered":"https:\/\/optim.studio\/suner\/?page_id=294"},"modified":"2025-10-01T13:42:37","modified_gmt":"2025-10-01T11:42:37","slug":"accesibilitat","status":"publish","type":"page","link":"https:\/\/vinsiolisuner.eu\/es\/accesibilitat\/","title":{"rendered":"Accesibilidad"},"content":{"rendered":"<p>[et_pb_section fb_built=&#8221;1&#8243; _builder_version=&#8221;4.27.4&#8243; _module_preset=&#8221;default&#8221; background_color=&#8221;#846F07&#8243; custom_margin=&#8221;||||false|false&#8221; custom_padding=&#8221;69px||69px||true|false&#8221; bottom_divider_style=&#8221;slant&#8221; bottom_divider_color=&#8221;#FFFFFF&#8221; hover_enabled=&#8221;0&#8243; global_colors_info=&#8221;{}&#8221; bottom_divider_height_last_edited=&#8221;on|desktop&#8221; sticky_enabled=&#8221;0&#8243; bottom_divider_height_tablet=&#8221;40px&#8221; top_divider_height_last_edited=&#8221;on|phone&#8221; top_divider_height_tablet=&#8221;40px&#8221; custom_padding_last_edited=&#8221;on|phone&#8221; custom_padding_tablet=&#8221;40px||40px||true|false&#8221; bottom_divider_height_phone=&#8221;40px&#8221; top_divider_height_phone=&#8221;40px&#8221; custom_padding_phone=&#8221;40px||40px||true|false&#8221;][et_pb_row _builder_version=&#8221;4.27.4&#8243; _module_preset=&#8221;default&#8221; custom_margin=&#8221;|auto|42px|auto||&#8221; custom_padding=&#8221;||27px|||&#8221; global_colors_info=&#8221;{}&#8221;][et_pb_column type=&#8221;4_4&#8243; _builder_version=&#8221;4.27.4&#8243; _module_preset=&#8221;default&#8221; global_colors_info=&#8221;{}&#8221;][et_pb_heading title=&#8221;@ET-DC@eyJkeW5hbWljIjp0cnVlLCJjb250ZW50Ijoic2l0ZV90aXRsZSIsInNldHRpbmdzIjp7ImJlZm9yZSI6IiIsImFmdGVyIjoiIn19@&#8221; _builder_version=&#8221;4.27.4&#8243; _dynamic_attributes=&#8221;title&#8221; _module_preset=&#8221;default&#8221; title_font=&#8221;Libre Franklin|500|||||||&#8221; title_text_align=&#8221;center&#8221; title_text_color=&#8221;#FFFFFF&#8221; title_font_size=&#8221;20px&#8221; title_letter_spacing=&#8221;0.5px&#8221; custom_margin=&#8221;||4px|||&#8221; hover_enabled=&#8221;0&#8243; global_colors_info=&#8221;{}&#8221; title_font_size_last_edited=&#8221;on|phone&#8221; sticky_enabled=&#8221;0&#8243; title_font_size_tablet=&#8221;19px&#8221; title_font_size_phone=&#8221;19px&#8221;][\/et_pb_heading][et_pb_heading title=&#8221;@ET-DC@eyJkeW5hbWljIjp0cnVlLCJjb250ZW50IjoicG9zdF90aXRsZSIsInNldHRpbmdzIjp7ImJlZm9yZSI6IiIsImFmdGVyIjoiIn19@&#8221; _builder_version=&#8221;4.27.4&#8243; _dynamic_attributes=&#8221;title&#8221; _module_preset=&#8221;default&#8221; title_font=&#8221;&#8211;et_global_heading_font|600|||||||&#8221; title_text_align=&#8221;center&#8221; title_text_color=&#8221;#FFFFFF&#8221; title_font_size=&#8221;50px&#8221; custom_margin=&#8221;||12px||false|false&#8221; custom_padding=&#8221;||||false|false&#8221; custom_padding_tablet=&#8221;|0px|||false|false&#8221; custom_padding_phone=&#8221;|25px|||false|false&#8221; custom_padding_last_edited=&#8221;on|tablet&#8221; hover_enabled=&#8221;0&#8243; global_colors_info=&#8221;{}&#8221; title_font_size_last_edited=&#8221;on|phone&#8221; sticky_enabled=&#8221;0&#8243; title_font_size_tablet=&#8221;45px&#8221; title_font_size_phone=&#8221;45px&#8221;][\/et_pb_heading][\/et_pb_column][\/et_pb_row][\/et_pb_section][et_pb_section fb_built=&#8221;1&#8243; admin_label=&#8221;section&#8221; _builder_version=&#8221;4.16&#8243; custom_padding=&#8221;4px|||||&#8221; global_colors_info=&#8221;{}&#8221;][et_pb_row admin_label=&#8221;row&#8221; _builder_version=&#8221;4.16&#8243; background_size=&#8221;initial&#8221; background_position=&#8221;top_left&#8221; background_repeat=&#8221;repeat&#8221; global_colors_info=&#8221;{}&#8221;][et_pb_column type=&#8221;4_4&#8243; _builder_version=&#8221;4.16&#8243; custom_padding=&#8221;|||&#8221; global_colors_info=&#8221;{}&#8221; custom_padding__hover=&#8221;|||&#8221;][et_pb_text admin_label=&#8221;Text&#8221; _builder_version=&#8221;4.27.4&#8243; text_font=&#8221;Lato||||||||&#8221; text_text_color=&#8221;#000000&#8243; text_font_size=&#8221;17px&#8221; header_font=&#8221;Libre Franklin||||||||&#8221; background_size=&#8221;initial&#8221; background_position=&#8221;top_left&#8221; background_repeat=&#8221;repeat&#8221; hover_enabled=&#8221;0&#8243; global_colors_info=&#8221;{}&#8221; link_text_color=&#8221;#685700&#8243; sticky_enabled=&#8221;0&#8243;]<\/p>\n<p><!-- divi:paragraph --><strong>Obtenir el consentiment de l\u2019usuari en sol\u00b7licitar dades personals<\/strong><\/p>\n<p><!-- \/divi:paragraph --><\/p>\n<p><!-- divi:paragraph -->El consentiment ha de donar-se mitjan\u00e7ant una acci\u00f3 afirmativa clara que reflecteixi una manifestaci\u00f3 de voluntat lliure, espec\u00edfica, informada, i inequ\u00edvoca de l\u2019interessat i ha d\u2019atorgar-se per a totes les activitats de tractament realitzades. Quan el tractament tingui diverses finalitats, el consentiment ha de donar-se per cada una d\u2019elles. Si s\u2019ha de donar arran d\u2019una sol\u00b7licitud per mitjans electr\u00f2nics, aquesta ha de ser clara, concisa i no pertorbar innecess\u00e0riament l\u2019\u00fas del servei per al qual es presta.<\/p>\n<p><!-- \/divi:paragraph --><\/p>\n<p><!-- divi:paragraph -->Aquest consentiment expr\u00e9s pot traslladar-se a un formulari web a trav\u00e9s de la implementaci\u00f3 d\u2019unes caselles de verificaci\u00f3 que estiguin desmarcades per defecte, aix\u00f2 \u00e9s vital, per a poder demostrar aquesta voluntat per part de la persona per tractar les seves dades personals.<\/p>\n<p><!-- \/divi:paragraph --><\/p>\n<p><!-- divi:paragraph -->Les caselles de pre-marca, el silenci i la inacci\u00f3 de l\u2019interessat no constitueixen un tractament l\u00edcit de dades, de manera que aquestes f\u00f3rmules no s\u2019han d\u2019utilitzar.<\/p>\n<p><!-- \/divi:paragraph --><\/p>\n<p><!-- divi:paragraph -->Hem parlat en l\u2019apartat anterior de fins espec\u00edfics, \u00e9s a dir, quan alg\u00fa proporciona les seves dades cal de detallar de manera clara, inequ\u00edvoca i transparent quines seran les condicions de tractament de les dades.<\/p>\n<p><!-- \/divi:paragraph --><\/p>\n<p><!-- divi:paragraph -->Al ser un consentiment expr\u00e9s lligat a una finalitat espec\u00edfica cal demostrar que s\u2019ha recollit seguint aquests preceptes i la c\u00e0rrega probat\u00f2ria recau sobre l\u2019organitzaci\u00f3 que rep i tracta aquestes dades.<\/p>\n<p><!-- \/divi:paragraph --><\/p>\n<p><!-- divi:paragraph -->Un exemple de com poder demostrar que ens han autoritzat es que cada alta generi un e-mail de resposta autom\u00e0tica amb les dades de la persona sol\u00b7licitat, la seva IP, accepto, data, hora exacta i navegador que va utilitzar. Aquest e-mail s\u2019ha de guardar com a justificant en cas de conflicte amb l\u2019usuari.<\/p>\n<p><!-- \/divi:paragraph --><\/p>\n<p><!-- divi:paragraph --><strong>Primera capa d\u2019informaci\u00f3 b\u00e0sica<\/strong><\/p>\n<p><!-- \/divi:paragraph --><\/p>\n<p><!-- divi:paragraph -->Amb els requisits i principis introdu\u00efts pel\u00a0RGPD\u00a0respecte a l\u2019obligaci\u00f3 d\u2019informar, la simple remissi\u00f3 a la pol\u00edtica de privacitat des dels formularis web ja no \u00e9s suficient per a complir amb aquestes obligacions.<\/p>\n<p><!-- \/divi:paragraph --><\/p>\n<p><!-- divi:paragraph -->Les Autoritats de Protecci\u00f3 de Dades de la Uni\u00f3 Europea, recomanen utilitzar un model d\u2019informaci\u00f3 per capes, presentant una primera capa, amb una informaci\u00f3 b\u00e0sica sobre protecci\u00f3 de dades i remetre des d\u2019aquesta, m\u00e9s senzilla i immediata, a una segona capa amb la informaci\u00f3 restant.<\/p>\n<p><!-- \/divi:paragraph --><\/p>\n<p><!-- divi:paragraph -->En la <strong><a href=\"about:blank?trp-edit-translation=preview\">Guia per al Compliment del Deure d\u2019Informar<\/a><\/strong>, de l\u2019AEPD estableix que aquesta primera capa informativa ha de reunir els seg\u00fcents requisits:<\/p>\n<p><!-- \/divi:paragraph --><\/p>\n<p><!-- divi:paragraph -->\u2013 La informaci\u00f3 s\u2019ha de posar a la disposici\u00f3 dels interessats en el moment en qu\u00e8 se sol\u00b7licitin les dades, pr\u00e8viament a la recollida o registre.<\/p>\n<p><!-- \/divi:paragraph --><\/p>\n<p><!-- divi:paragraph -->\u2013 Aquesta obligaci\u00f3 s\u2019ha de complir sense necessitat de cap requeriment, i el responsable haur\u00e0 de poder acreditar amb posterioritat que l\u2019obligaci\u00f3 d\u2019informar ha estat satisfeta.<\/p>\n<p><!-- \/divi:paragraph --><\/p>\n<p><!-- divi:paragraph -->\u2013 Ha d\u2019estar clarament identificada amb un t\u00edtol tal com \u201cInformaci\u00f3 b\u00e0sica sobre protecci\u00f3 de dades\u201d.<\/p>\n<p><!-- \/divi:paragraph --><\/p>\n<p><!-- divi:paragraph -->\u2013 El responsable del tractament ha de garantir que aquesta informaci\u00f3 quedi \u201cdins del camp de visi\u00f3\u201d de l\u2019interessat.<\/p>\n<p><!-- \/divi:paragraph --><\/p>\n<p><!-- divi:paragraph -->\u2013 Els interessats han de rebre una c\u00f2pia on s\u2019inclogui aquesta informaci\u00f3 b\u00e0sica. La\u00a0LOPDGDD\u00a0en el seu article 72 tipifica com a INFRACCI\u00d3 MOLT GREU l\u2019omissi\u00f3 del deure d\u2019informar l\u2019afectat sobre el tractament de les seves dades personals conforme al que es disposa en els articles 13 i 14 del Reglament (UE) 2016\/679 (RGPD).<\/p>\n<p><!-- \/divi:paragraph --><\/p>\n<p>[\/et_pb_text][\/et_pb_column][\/et_pb_row][\/et_pb_section]<\/p>\n","protected":false},"excerpt":{"rendered":"<p>Obtenir el consentiment de l\u2019usuari en sol\u00b7licitar dades personals El consentiment ha de donar-se mitjan\u00e7ant una acci\u00f3 afirmativa clara que reflecteixi una manifestaci\u00f3 de voluntat lliure, espec\u00edfica, informada, i inequ\u00edvoca de l\u2019interessat i ha d\u2019atorgar-se per a totes les activitats de tractament realitzades. Quan el tractament tingui diverses finalitats, el consentiment ha de donar-se per cada una d\u2019elles. Si s\u2019ha de donar arran d\u2019una sol\u00b7licitud per mitjans electr\u00f2nics, aquesta ha de ser clara, concisa i no pertorbar innecess\u00e0riament l\u2019\u00fas del servei per al qual es presta. Aquest consentiment expr\u00e9s pot traslladar-se a un formulari web a trav\u00e9s de la implementaci\u00f3 d\u2019unes caselles de verificaci\u00f3 que estiguin desmarcades per defecte, aix\u00f2 \u00e9s vital, per a poder demostrar aquesta voluntat per part de la persona per tractar les seves dades personals. Les caselles de pre-marca, el silenci i la inacci\u00f3 de l\u2019interessat no constitueixen un tractament l\u00edcit de dades, de manera que aquestes f\u00f3rmules no s\u2019han d\u2019utilitzar. Hem parlat en l\u2019apartat anterior de fins espec\u00edfics, \u00e9s a dir, quan alg\u00fa proporciona les seves dades cal de detallar de manera clara, inequ\u00edvoca i transparent quines seran les condicions de tractament de les dades. Al ser un consentiment expr\u00e9s lligat a una finalitat espec\u00edfica [&hellip;]<\/p>\n","protected":false},"author":2,"featured_media":0,"parent":0,"menu_order":0,"comment_status":"closed","ping_status":"closed","template":"","meta":{"_et_pb_use_builder":"on","_et_pb_old_content":"<!-- wp:paragraph -->\n<p><strong>Obtenir el consentiment de l\u2019usuari en sol\u00b7licitar dades personals<\/strong><\/p>\n<!-- \/wp:paragraph -->\n\n<!-- wp:paragraph -->\n<p>El consentiment ha de donar-se mitjan\u00e7ant una acci\u00f3 afirmativa clara que reflecteixi una manifestaci\u00f3 de voluntat lliure, espec\u00edfica, informada, i inequ\u00edvoca de l\u2019interessat i ha d\u2019atorgar-se per a totes les activitats de tractament realitzades. Quan el tractament tingui diverses finalitats, el consentiment ha de donar-se per cada una d\u2019elles. Si s\u2019ha de donar arran d\u2019una sol\u00b7licitud per mitjans electr\u00f2nics, aquesta ha de ser clara, concisa i no pertorbar innecess\u00e0riament l\u2019\u00fas del servei per al qual es presta.<\/p>\n<!-- \/wp:paragraph -->\n\n<!-- wp:paragraph -->\n<p>Aquest consentiment expr\u00e9s pot traslladar-se a un formulari web a trav\u00e9s de la implementaci\u00f3 d\u2019unes caselles de verificaci\u00f3 que estiguin desmarcades per defecte, aix\u00f2 \u00e9s vital, per a poder demostrar aquesta voluntat per part de la persona per tractar les seves dades personals.<\/p>\n<!-- \/wp:paragraph -->\n\n<!-- wp:paragraph -->\n<p>Les caselles de pre-marca, el silenci i la inacci\u00f3 de l\u2019interessat no constitueixen un tractament l\u00edcit de dades, de manera que aquestes f\u00f3rmules no s\u2019han d\u2019utilitzar.<\/p>\n<!-- \/wp:paragraph -->\n\n<!-- wp:paragraph -->\n<p>Hem parlat en l\u2019apartat anterior de fins espec\u00edfics, \u00e9s a dir, quan alg\u00fa proporciona les seves dades cal de detallar de manera clara, inequ\u00edvoca i transparent quines seran les condicions de tractament de les dades.<\/p>\n<!-- \/wp:paragraph -->\n\n<!-- wp:paragraph -->\n<p>Al ser un consentiment expr\u00e9s lligat a una finalitat espec\u00edfica cal demostrar que s\u2019ha recollit seguint aquests preceptes i la c\u00e0rrega probat\u00f2ria recau sobre l\u2019organitzaci\u00f3 que rep i tracta aquestes dades.<\/p>\n<!-- \/wp:paragraph -->\n\n<!-- wp:paragraph -->\n<p>Un exemple de com poder demostrar que ens han autoritzat es que cada alta generi un e-mail de resposta autom\u00e0tica amb les dades de la persona sol\u00b7licitat, la seva IP, accepto, data, hora exacta i navegador que va utilitzar. Aquest e-mail s\u2019ha de guardar com a justificant en cas de conflicte amb l\u2019usuari.<\/p>\n<!-- \/wp:paragraph -->\n\n<!-- wp:paragraph -->\n<p><strong>Primera capa d\u2019informaci\u00f3 b\u00e0sica<\/strong><\/p>\n<!-- \/wp:paragraph -->\n\n<!-- wp:paragraph -->\n<p>Amb els requisits i principis introdu\u00efts pel&nbsp;RGPD&nbsp;respecte a l\u2019obligaci\u00f3 d\u2019informar, la simple remissi\u00f3 a la pol\u00edtica de privacitat des dels formularis web ja no \u00e9s suficient per a complir amb aquestes obligacions.<\/p>\n<!-- \/wp:paragraph -->\n\n<!-- wp:paragraph -->\n<p>Les Autoritats de Protecci\u00f3 de Dades de la Uni\u00f3 Europea, recomanen utilitzar un model d\u2019informaci\u00f3 per capes, presentant una primera capa, amb una informaci\u00f3 b\u00e0sica sobre protecci\u00f3 de dades i remetre des d\u2019aquesta, m\u00e9s senzilla i immediata, a una segona capa amb la informaci\u00f3 restant.<\/p>\n<!-- \/wp:paragraph -->\n\n<!-- wp:paragraph -->\n<p>En la <a href=\"about:blank?trp-edit-translation=preview\">Guia per al Compliment del Deure d\u2019Informar<\/a>, de l\u2019AEPD estableix que aquesta primera capa informativa ha de reunir els seg\u00fcents requisits:<\/p>\n<!-- \/wp:paragraph -->\n\n<!-- wp:paragraph -->\n<p>\u2013 La informaci\u00f3 s\u2019ha de posar a la disposici\u00f3 dels interessats en el moment en qu\u00e8 se sol\u00b7licitin les dades, pr\u00e8viament a la recollida o registre.<\/p>\n<!-- \/wp:paragraph -->\n\n<!-- wp:paragraph -->\n<p>\u2013 Aquesta obligaci\u00f3 s\u2019ha de complir sense necessitat de cap requeriment, i el responsable haur\u00e0 de poder acreditar amb posterioritat que l\u2019obligaci\u00f3 d\u2019informar ha estat satisfeta.<\/p>\n<!-- \/wp:paragraph -->\n\n<!-- wp:paragraph -->\n<p>\u2013 Ha d\u2019estar clarament identificada amb un t\u00edtol tal com \u201cInformaci\u00f3 b\u00e0sica sobre protecci\u00f3 de dades\u201d.<\/p>\n<!-- \/wp:paragraph -->\n\n<!-- wp:paragraph -->\n<p>\u2013 El responsable del tractament ha de garantir que aquesta informaci\u00f3 quedi \u201cdins del camp de visi\u00f3\u201d de l\u2019interessat.<\/p>\n<!-- \/wp:paragraph -->\n\n<!-- wp:paragraph -->\n<p>\u2013 Els interessats han de rebre una c\u00f2pia on s\u2019inclogui aquesta informaci\u00f3 b\u00e0sica. La&nbsp;LOPDGDD&nbsp;en el seu article 72 tipifica com a INFRACCI\u00d3 MOLT GREU l\u2019omissi\u00f3 del deure d\u2019informar l\u2019afectat sobre el tractament de les seves dades personals conforme al que es disposa en els articles 13 i 14 del Reglament (UE) 2016\/679 (RGPD).<\/p>\n<!-- \/wp:paragraph -->","_et_gb_content_width":"1080","footnotes":""},"class_list":["post-294","page","type-page","status-publish","hentry"],"yoast_head":"<!-- This site is optimized with the Yoast SEO plugin v27.2 - https:\/\/yoast.com\/product\/yoast-seo-wordpress\/ -->\n<title>Accesibilitat - Vins i olis Su\u00f1er<\/title>\n<meta name=\"description\" content=\"Obtenir el consentiment de l\u2019usuari en sol\u00b7licitar dades personals. El consentiment ha de donar-se mitjan\u00e7ant una acci\u00f3 afirmativa clara...\" \/>\n<meta name=\"robots\" content=\"index, follow, max-snippet:-1, max-image-preview:large, max-video-preview:-1\" \/>\n<link rel=\"canonical\" href=\"https:\/\/vinsiolisuner.eu\/es\/accesibilitat\/\" \/>\n<meta property=\"og:locale\" content=\"es_ES\" \/>\n<meta property=\"og:type\" content=\"article\" \/>\n<meta property=\"og:title\" content=\"Accesibilitat - Vins i olis Su\u00f1er\" \/>\n<meta property=\"og:description\" content=\"Obtenir el consentiment de l\u2019usuari en sol\u00b7licitar dades personals. El consentiment ha de donar-se mitjan\u00e7ant una acci\u00f3 afirmativa clara...\" \/>\n<meta property=\"og:url\" content=\"https:\/\/vinsiolisuner.eu\/es\/accesibilitat\/\" \/>\n<meta property=\"og:site_name\" content=\"Vins i olis Su\u00f1er\" \/>\n<meta property=\"article:modified_time\" content=\"2025-10-01T11:42:37+00:00\" \/>\n<meta name=\"twitter:card\" content=\"summary_large_image\" \/>\n<meta name=\"twitter:label1\" content=\"Tiempo de lectura\" \/>\n\t<meta name=\"twitter:data1\" content=\"3 minutos\" \/>\n<script type=\"application\/ld+json\" class=\"yoast-schema-graph\">{\"@context\":\"https:\/\/schema.org\",\"@graph\":[{\"@type\":\"WebPage\",\"@id\":\"https:\/\/vinsiolisuner.eu\/accesibilitat\/\",\"url\":\"https:\/\/vinsiolisuner.eu\/accesibilitat\/\",\"name\":\"Accesibilitat - Vins i olis Su\u00f1er\",\"isPartOf\":{\"@id\":\"https:\/\/vinsiolisuner.eu\/#website\"},\"datePublished\":\"2025-06-09T09:01:40+00:00\",\"dateModified\":\"2025-10-01T11:42:37+00:00\",\"description\":\"Obtenir el consentiment de l\u2019usuari en sol\u00b7licitar dades personals. El consentiment ha de donar-se mitjan\u00e7ant una acci\u00f3 afirmativa clara...\",\"breadcrumb\":{\"@id\":\"https:\/\/vinsiolisuner.eu\/accesibilitat\/#breadcrumb\"},\"inLanguage\":\"es\",\"potentialAction\":[{\"@type\":\"ReadAction\",\"target\":[\"https:\/\/vinsiolisuner.eu\/accesibilitat\/\"]}]},{\"@type\":\"BreadcrumbList\",\"@id\":\"https:\/\/vinsiolisuner.eu\/accesibilitat\/#breadcrumb\",\"itemListElement\":[{\"@type\":\"ListItem\",\"position\":1,\"name\":\"Inici\",\"item\":\"https:\/\/vinsiolisuner.eu\/\"},{\"@type\":\"ListItem\",\"position\":2,\"name\":\"Accesibilitat\"}]},{\"@type\":\"WebSite\",\"@id\":\"https:\/\/vinsiolisuner.eu\/#website\",\"url\":\"https:\/\/vinsiolisuner.eu\/\",\"name\":\"Vins i olis Su\u00f1er\",\"description\":\"Vins amb denominaci\u00f3 DO Tarragona i olis Arbequina\",\"potentialAction\":[{\"@type\":\"SearchAction\",\"target\":{\"@type\":\"EntryPoint\",\"urlTemplate\":\"https:\/\/vinsiolisuner.eu\/?s={search_term_string}\"},\"query-input\":{\"@type\":\"PropertyValueSpecification\",\"valueRequired\":true,\"valueName\":\"search_term_string\"}}],\"inLanguage\":\"es\"}]}<\/script>\n<!-- \/ Yoast SEO plugin. -->","yoast_head_json":{"title":"Accesibilitat - Vins i olis Su\u00f1er","description":"Obtenir el consentiment de l\u2019usuari en sol\u00b7licitar dades personals. El consentiment ha de donar-se mitjan\u00e7ant una acci\u00f3 afirmativa clara...","robots":{"index":"index","follow":"follow","max-snippet":"max-snippet:-1","max-image-preview":"max-image-preview:large","max-video-preview":"max-video-preview:-1"},"canonical":"https:\/\/vinsiolisuner.eu\/es\/accesibilitat\/","og_locale":"es_ES","og_type":"article","og_title":"Accesibilitat - Vins i olis Su\u00f1er","og_description":"Obtenir el consentiment de l\u2019usuari en sol\u00b7licitar dades personals. El consentiment ha de donar-se mitjan\u00e7ant una acci\u00f3 afirmativa clara...","og_url":"https:\/\/vinsiolisuner.eu\/es\/accesibilitat\/","og_site_name":"Vins i olis Su\u00f1er","article_modified_time":"2025-10-01T11:42:37+00:00","twitter_card":"summary_large_image","twitter_misc":{"Tiempo de lectura":"3 minutos"},"schema":{"@context":"https:\/\/schema.org","@graph":[{"@type":"WebPage","@id":"https:\/\/vinsiolisuner.eu\/accesibilitat\/","url":"https:\/\/vinsiolisuner.eu\/accesibilitat\/","name":"Accesibilitat - Vins i olis Su\u00f1er","isPartOf":{"@id":"https:\/\/vinsiolisuner.eu\/#website"},"datePublished":"2025-06-09T09:01:40+00:00","dateModified":"2025-10-01T11:42:37+00:00","description":"Obtenir el consentiment de l\u2019usuari en sol\u00b7licitar dades personals. El consentiment ha de donar-se mitjan\u00e7ant una acci\u00f3 afirmativa clara...","breadcrumb":{"@id":"https:\/\/vinsiolisuner.eu\/accesibilitat\/#breadcrumb"},"inLanguage":"es","potentialAction":[{"@type":"ReadAction","target":["https:\/\/vinsiolisuner.eu\/accesibilitat\/"]}]},{"@type":"BreadcrumbList","@id":"https:\/\/vinsiolisuner.eu\/accesibilitat\/#breadcrumb","itemListElement":[{"@type":"ListItem","position":1,"name":"Inici","item":"https:\/\/vinsiolisuner.eu\/"},{"@type":"ListItem","position":2,"name":"Accesibilitat"}]},{"@type":"WebSite","@id":"https:\/\/vinsiolisuner.eu\/#website","url":"https:\/\/vinsiolisuner.eu\/","name":"Vinos y aceites Su\u00f1er","description":"Vins amb denominaci\u00f3 DO Tarragona i olis Arbequina","potentialAction":[{"@type":"SearchAction","target":{"@type":"EntryPoint","urlTemplate":"https:\/\/vinsiolisuner.eu\/?s={search_term_string}"},"query-input":{"@type":"PropertyValueSpecification","valueRequired":true,"valueName":"search_term_string"}}],"inLanguage":"es"}]}},"_links":{"self":[{"href":"https:\/\/vinsiolisuner.eu\/es\/wp-json\/wp\/v2\/pages\/294","targetHints":{"allow":["GET"]}}],"collection":[{"href":"https:\/\/vinsiolisuner.eu\/es\/wp-json\/wp\/v2\/pages"}],"about":[{"href":"https:\/\/vinsiolisuner.eu\/es\/wp-json\/wp\/v2\/types\/page"}],"author":[{"embeddable":true,"href":"https:\/\/vinsiolisuner.eu\/es\/wp-json\/wp\/v2\/users\/2"}],"replies":[{"embeddable":true,"href":"https:\/\/vinsiolisuner.eu\/es\/wp-json\/wp\/v2\/comments?post=294"}],"version-history":[{"count":13,"href":"https:\/\/vinsiolisuner.eu\/es\/wp-json\/wp\/v2\/pages\/294\/revisions"}],"predecessor-version":[{"id":1614,"href":"https:\/\/vinsiolisuner.eu\/es\/wp-json\/wp\/v2\/pages\/294\/revisions\/1614"}],"wp:attachment":[{"href":"https:\/\/vinsiolisuner.eu\/es\/wp-json\/wp\/v2\/media?parent=294"}],"curies":[{"name":"wp","href":"https:\/\/api.w.org\/{rel}","templated":true}]}}